{"id":9368,"date":"2025-05-20T23:46:30","date_gmt":"2025-05-20T23:46:30","guid":{"rendered":"https:\/\/srtravel.vn\/?page_id=9368"},"modified":"2026-05-14T15:03:13","modified_gmt":"2026-05-14T08:03:13","slug":"gioi-thieu","status":"publish","type":"page","link":"https:\/\/srtravel.vn\/","title":{"rendered":"Gi\u1edbi thi\u1ec7u"},"content":{"rendered":"\n<div class=\"wp-block-group alignfull has-bright-background-color has-background has-global-padding is-layout-constrained wp-block-group-is-layout-constrained\">\n<div class=\"wp-block-group alignfull has-accent-6-background-color has-background has-custom-background-section-background-color has-global-padding is-layout-constrained wp-container-core-group-is-layout-dddc237b wp-block-group-is-layout-constrained\" style=\"margin-top:0;margin-bottom:0;padding-top:var(--wp--preset--spacing--50);padding-bottom:var(--wp--preset--spacing--50)\">\n<div class=\"wp-block-columns are-vertically-aligned-center is-layout-flex wp-container-core-columns-is-layout-28f84493 wp-block-columns-is-layout-flex\" id=\"gioithieu\">\n<div class=\"wp-block-column is-vertically-aligned-center is-layout-flow wp-block-column-is-layout-flow\">\n<figure data-wp-context=\"{&quot;imageId&quot;:&quot;6a09509443131&quot;}\" data-wp-interactive=\"core\/image\" data-wp-key=\"6a09509443131\" class=\"wp-block-image is-resized size-full is-style-default wp-lightbox-container\"><img data-recalc-dims=\"1\" decoding=\"async\" data-wp-class--hide=\"state.isContentHidden\" data-wp-class--show=\"state.isContentVisible\" data-wp-init=\"callbacks.setButtonStyles\" data-wp-on--click=\"actions.showLightbox\" data-wp-on--load=\"callbacks.setButtonStyles\" data-wp-on-window--resize=\"callbacks.setButtonStyles\" src=\"https:\/\/i0.wp.com\/srtravel.vn\/wp-content\/uploads\/2025\/08\/Visa-Uc-mua-he-2025-%E2%80%93-co-nen-book-tour-hay-tu-di_.jpg?ssl=1\" alt=\"\" style=\"aspect-ratio:0.75;object-fit:cover;width:564px;height:auto\" title=\"\" loading=\"lazy\"><button\n\t\t\tclass=\"lightbox-trigger\"\n\t\t\ttype=\"button\"\n\t\t\taria-haspopup=\"dialog\"\n\t\t\taria-label=\"Ph\u00f3ng to\"\n\t\t\tdata-wp-init=\"callbacks.initTriggerButton\"\n\t\t\tdata-wp-on--click=\"actions.showLightbox\"\n\t\t\tdata-wp-style--right=\"state.imageButtonRight\"\n\t\t\tdata-wp-style--top=\"state.imageButtonTop\"\n\t\t>\n\t\t\t<svg xmlns=\"http:\/\/www.w3.org\/2000\/svg\" width=\"12\" height=\"12\" fill=\"none\" viewBox=\"0 0 12 12\">\n\t\t\t\t<path fill=\"#fff\" d=\"M2 0a2 2 0 0 0-2 2v2h1.5V2a.5.5 0 0 1 .5-.5h2V0H2Zm2 10.5H2a.5.5 0 0 1-.5-.5V8H0v2a2 2 0 0 0 2 2h2v-1.5ZM8 12v-1.5h2a.5.5 0 0 0 .5-.5V8H12v2a2 2 0 0 1-2 2H8Zm2-12a2 2 0 0 1 2 2v2h-1.5V2a.5.5 0 0 0-.5-.5H8V0h2Z\" \/>\n\t\t\t<\/svg>\n\t\t<\/button><\/figure>\n<\/div>\n\n\n\n<div class=\"wp-block-column is-vertically-aligned-center is-style-default is-layout-flow wp-block-column-is-layout-flow\">\n<h2 class=\"wp-block-heading\"><strong>Gi\u1edbi thi\u1ec7u v\u1ec1 Srtravel<\/strong><\/h2>\n\n\n\n<p>Srtravel l\u00e0 \u0111\u01a1n v\u1ecb chuy\u00ean nghi\u1ec7p h\u00e0ng \u0111\u1ea7u trong l\u0129nh v\u1ef1c t\u01b0 v\u1ea5n v\u00e0 x\u1eed l\u00fd h\u1ed3 s\u01a1 <strong>visa du l\u1ecbch, th\u0103m th\u00e2n, c\u00f4ng t\u00e1c<\/strong> cho c\u00e1c th\u1ecb tr\u01b0\u1eddng <strong>Anh, \u00dac, Ch\u00e2u \u00c2u, M\u1ef9 v\u00e0 Canada<\/strong>.<\/p>\n\n\n\n<p>V\u1edbi \u0111\u1ed9i ng\u0169 chuy\u00ean vi\u00ean gi\u00e0u kinh nghi\u1ec7m v\u00e0 am hi\u1ec3u quy tr\u00ecnh x\u00e9t duy\u1ec7t c\u1ee7a t\u1eebng qu\u1ed1c gia, Srtravel cam k\u1ebft mang \u0111\u1ebfn <strong>t\u1ef7 l\u1ec7 \u0111\u1eadu visa cao<\/strong>, <strong>x\u1eed l\u00fd nhanh ch\u00f3ng<\/strong>, <strong>h\u1ed3 s\u01a1 minh b\u1ea1ch<\/strong> v\u00e0 <strong>h\u1ed7 tr\u1ee3 t\u1eadn t\u00e2m<\/strong> t\u1eeb A \u0111\u1ebfn Z.<\/p>\n\n\n\n<p>Ch\u00fang t\u00f4i hi\u1ec3u r\u1eb1ng m\u1ed7i b\u1ed9 h\u1ed3 s\u01a1 l\u00e0 m\u1ed9t c\u00e2u chuy\u1ec7n ri\u00eang \u2013 v\u00ec th\u1ebf Srtravel lu\u00f4n t\u01b0 v\u1ea5n \u0111\u00fang nhu c\u1ea7u, t\u1ed1i \u01b0u quy tr\u00ecnh v\u00e0 \u0111\u1ed3ng h\u00e0nh c\u00f9ng kh\u00e1ch h\u00e0ng tr\u00ean h\u00e0nh tr\u00ecnh chinh ph\u1ee5c visa m\u1ed9t c\u00e1ch d\u1ec5 d\u00e0ng v\u00e0 hi\u1ec7u qu\u1ea3 nh\u1ea5t.<\/p>\n\n\n\n<h2 class=\"wp-block-heading\"><strong>Srtravel \u2013 Kh\u1edfi \u0111\u1ea7u h\u00e0nh tr\u00ecnh, v\u1eefng v\u00e0ng th\u1ee7 t\u1ee5c.<\/strong><\/h2>\n<\/div>\n<\/div>\n<\/div>\n<\/div>\n\n\n\n<div class=\"wp-block-columns alignwide are-vertically-aligned-top is-layout-flex wp-container-core-columns-is-layout-28f84493 wp-block-columns-is-layout-flex\">\n<div class=\"wp-block-column is-vertically-aligned-top is-layout-flow wp-block-column-is-layout-flow\">\n<h2 class=\"wp-block-heading\"><strong>Srtravel \u2013 Chuy\u00ean tour du l\u1ecbch \u0111\u1ebfn Anh, \u00dac, Ch\u00e2u \u00c2u, M\u1ef9, Canada<\/strong><\/h2>\n\n\n\n<p>Srtravel l\u00e0 c\u00f4ng ty l\u1eef h\u00e0nh uy t\u00edn, chuy\u00ean t\u1ed5 ch\u1ee9c c\u00e1c tour du l\u1ecbch ch\u1ea5t l\u01b0\u1ee3ng cao \u0111\u1ebfn nh\u1eefng \u0111i\u1ec3m \u0111\u1ebfn h\u00e0ng \u0111\u1ea7u th\u1ebf gi\u1edbi nh\u01b0 <strong>Anh, \u00dac, Ch\u00e2u \u00c2u, M\u1ef9 v\u00e0 Canada<\/strong>. <\/p>\n\n\n\n<p>V\u1edbi \u0111\u1ed9i ng\u0169 chuy\u00ean nghi\u1ec7p v\u00e0 nhi\u1ec1u n\u0103m kinh nghi\u1ec7m trong ng\u00e0nh, Srtravel mang \u0111\u1ebfn cho kh\u00e1ch h\u00e0ng nh\u1eefng h\u00e0nh tr\u00ecnh <strong>\u0111\u1ed9c \u0111\u00e1o, an to\u00e0n v\u00e0 tr\u1ecdn v\u1eb9n tr\u1ea3i nghi\u1ec7m<\/strong>.<\/p>\n\n\n\n<p>V\u1edbi ph\u01b0\u01a1ng ch\u00e2m <strong>&#8220;H\u00e0nh tr\u00ecnh \u0111\u1eb3ng c\u1ea5p \u2013 Tr\u1ea3i nghi\u1ec7m kh\u00e1c bi\u1ec7t&#8221;<\/strong>, Srtravel lu\u00f4n \u0111\u1ed3ng h\u00e0nh c\u00f9ng b\u1ea1n tr\u00ean m\u1ed7i chuy\u1ebfn \u0111i, m\u1edf ra c\u00e1nh c\u1eeda \u0111\u1ebfn v\u1edbi nh\u1eefng v\u00f9ng \u0111\u1ea5t m\u01a1 \u01b0\u1edbc.<\/p>\n\n\n\n<div class=\"wp-block-buttons is-content-justification-right is-layout-flex wp-container-core-buttons-is-layout-d445cf74 wp-block-buttons-is-layout-flex\">\n<div class=\"wp-block-button\"><a class=\"wp-block-button__link has-text-align-right wp-element-button\" href=\"\/trip\/\" style=\"border-top-left-radius:5px;border-top-right-radius:5px;border-bottom-left-radius:5px;border-bottom-right-radius:5px\">Kh\u00e1m ph\u00e1<\/a><\/div>\n<\/div>\n<\/div>\n\n\n\n<div class=\"wp-block-column is-vertically-aligned-top is-layout-flow wp-block-column-is-layout-flow\">\n<figure class=\"wp-block-image\"><img data-recalc-dims=\"1\" decoding=\"async\" src=\"https:\/\/i0.wp.com\/srtravel.vn\/wp-content\/uploads\/2026\/05\/z6145657959722_fa70261ca04f076cf2c01c12cc3a0e29-edited.jpg?ssl=1\" alt=\"\" title=\"\" loading=\"lazy\"><\/figure>\n<\/div>\n<\/div>\n\n\n\n<div id=\"lienhe\" class=\"wp-block-group alignfull has-accent-6-background-color has-background has-custom-background-section-background-color is-layout-flow wp-block-group-is-layout-flow\">\n<div class=\"wp-block-group alignwide has-global-padding is-layout-constrained wp-container-core-group-is-layout-4383d167 wp-block-group-is-layout-constrained\">\n<div class=\"wp-block-columns alignwide are-vertically-aligned-top is-layout-flex wp-container-core-columns-is-layout-28f84493 wp-block-columns-is-layout-flex\">\n<div class=\"wp-block-column is-vertically-aligned-top is-layout-flow wp-block-column-is-layout-flow\">\n<h2 class=\"wp-block-heading\"><strong>\u0110\u1ec3 l\u1ea1i th\u00f4ng tin \u0111\u1ec3 \u0111\u01b0\u1ee3c t\u01b0 v\u1ea5n mi\u1ec5n ph\u00ed<\/strong><\/h2>\n\n\n\n<ul class=\"wp-block-list is-style-checkmark-list\">\n<li>Chuy\u00ean vi\u00ean t\u01b0 v\u1ea5n nhi\u1ec1u kinh nghi\u1ec7m.<\/li>\n\n\n\n<li>D\u1ecbch v\u1ee5 x\u1eed l\u00fd h\u1ed3 s\u01a1 chuy\u00ean nghi\u1ec7p.<\/li>\n\n\n\n<li>T\u1ef7 l\u1ec7 \u0111\u1ea1t visa cao l\u00ean t\u1edbi 95%.<\/li>\n\n\n\n<li>D\u1ecbch v\u1ee5 tour tr\u1ecdn g\u00f3i visa nh\u1eadp c\u1ea3nh.<\/li>\n\n\n\n<li>Ch\u1ea5t l\u01b0\u1ee3ng d\u1ecbch v\u1ee5 ti\u00eau chu\u1ea9n 4 sao.<\/li>\n<\/ul>\n\n\n\n<div class=\"wp-block-buttons is-content-justification-right is-layout-flex wp-container-core-buttons-is-layout-d445cf74 wp-block-buttons-is-layout-flex\">\n<div class=\"wp-block-button is-style-fill\"><a class=\"wp-block-button__link wp-element-button\" href=\"https:\/\/srtravel.vn\/dich-vu-visa\" style=\"border-top-left-radius:5px;border-top-right-radius:5px;border-bottom-left-radius:5px;border-bottom-right-radius:5px\">T\u00ecm hi\u1ec3u th\u00eam<\/a><\/div>\n<\/div>\n<\/div>\n\n\n\n<div class=\"wp-block-column is-vertically-aligned-top is-layout-flow wp-block-column-is-layout-flow\">\n<h2 class=\"wp-block-heading lienhe\">Form g\u1eedi li\u00ean h\u1ec7<\/h2>\n\n\n<div class=\"wp-block-jetpack-contact-form\"><a href=\"https:\/\/srtravel.vn\/\" target=\"_blank\" rel=\"noopener noreferrer\">G\u1eedi bi\u1ec3u m\u1eabu.<\/a><\/div><\/div>\n<\/div>\n<\/div>\n<\/div>\n\n\n\n<div id=\"lienhe\" class=\"wp-block-group alignfull has-global-padding is-layout-constrained wp-container-core-group-is-layout-4c942429 wp-block-group-is-layout-constrained\" style=\"margin-top:var(--wp--preset--spacing--50);margin-bottom:var(--wp--preset--spacing--50)\">\n<div class=\"wp-block-columns alignwide is-layout-flex wp-container-core-columns-is-layout-28f84493 wp-block-columns-is-layout-flex\">\n<div class=\"wp-block-column has-border-color has-custom-background-section-border-color is-layout-flow wp-block-column-is-layout-flow\" style=\"border-width:1px\">\n<hr class=\"wp-block-separator has-alpha-channel-opacity has-text-color has-base-color has-base-background-color has-background is-style-wide is-style-wide--1\"\/>\n\n\n\n<h3 class=\"wp-block-heading\" style=\"padding-right:var(--wp--preset--spacing--30);padding-left:var(--wp--preset--spacing--30)\"><strong><strong>C\u00f4ng ty CP Srtravel International<\/strong><\/strong><\/h3>\n\n\n\n<ul class=\"wp-block-list has-normal-font-size\">\n<li>PH\u00d2NG K\u1ebe TO\u00c1N<\/li>\n\n\n\n<li>\u0110\u1ecba ch\u1ec9: S\u1ed1 24, Ng\u00f5 12, \u0110\u00e0o T\u1ea5n, Ba \u0110\u00ecnh, H\u00e0 N\u1ed9i<\/li>\n\n\n\n<li>Hottlinei: <a href=\"tel:19008105\">1900 8105<\/a><\/li>\n<\/ul>\n\n\n\n<iframe src=\"https:\/\/www.google.com\/maps\/embed?pb=!1m14!1m8!1m3!1d238334.74917166712!2d105.809468!3d21.033468!3m2!1i1024!2i768!4f13.1!3m3!1m2!1s0xc3d0f6e9f01a4f5%3A0x60de98a7bd1ac682!2sSrtravel%20International!5e0!3m2!1sen!2sus!4v1747387170546!5m2!1sen!2sus\" width=\"100%\" height = \"250\"  style=\"border:0;\" allowfullscreen=\"\" loading=\"lazy\" referrerpolicy=\"no-referrer-when-downgrade\"><\/iframe>\n<\/div>\n\n\n\n<div class=\"wp-block-column has-border-color has-custom-background-section-border-color is-layout-flow wp-block-column-is-layout-flow\" style=\"border-width:1px;border-top-left-radius:5px;border-top-right-radius:5px;border-bottom-left-radius:5px;border-bottom-right-radius:5px\">\n<hr class=\"wp-block-separator has-alpha-channel-opacity has-text-color has-base-color has-base-background-color has-background is-style-wide is-style-wide--2\"\/>\n\n\n\n<h3 class=\"wp-block-heading\" style=\"padding-top:0;padding-right:var(--wp--preset--spacing--30);padding-bottom:0;padding-left:var(--wp--preset--spacing--30)\"><strong><strong>C\u00f4ng ty CP Srtravel International<\/strong><\/strong><\/h3>\n\n\n\n<ul class=\"wp-block-list has-normal-font-size\">\n<li>PH\u00d2NG KINH DOANH<\/li>\n\n\n\n<li>\u0110\u1ecba ch\u1ec9: S\u1ed1 81, Ng\u00f5 12, \u0110\u00e0o T\u1ea5n, Ba \u0110\u00ecnh, H\u00e0 N\u1ed9i<\/li>\n\n\n\n<li>Hotline: <a href=\"tel:19008105\">1900 8105<\/a><\/li>\n<\/ul>\n\n\n\n<iframe src=\"https:\/\/www.google.com\/maps\/embed?pb=!1m14!1m8!1m3!1d238332.4361353139!2d105.808937!3d21.034914!3m2!1i1024!2i768!4f13.1!3m3!1m2!1s0x3135ab2efe80a611%3A0x6f905e363b44b5bd!2sPh%C3%B2ng%20Kinh%20Doanh%20Srtravel%20International!5e0!3m2!1sen!2sus!4v1747387205735!5m2!1sen!2sus\" width=\"100%\" height = \"250\"  style=\"border:0;\" allowfullscreen=\"\" loading=\"lazy\" referrerpolicy=\"no-referrer-when-downgrade\"><\/iframe>\n<\/div>\n<\/div>\n<\/div>\n\n\n\n\n","protected":false},"excerpt":{"rendered":"<p>Gi\u1edbi thi\u1ec7u v\u1ec1 Srtravel Srtravel l\u00e0 \u0111\u01a1n v\u1ecb chuy\u00ean nghi\u1ec7p h\u00e0ng \u0111\u1ea7u trong l\u0129nh v\u1ef1c t\u01b0 v\u1ea5n v\u00e0 x\u1eed l\u00fd h\u1ed3 s\u01a1 visa du l\u1ecbch, th\u0103m th\u00e2n, c\u00f4ng t\u00e1c cho c\u00e1c th\u1ecb tr\u01b0\u1eddng Anh, \u00dac, Ch\u00e2u \u00c2u, M\u1ef9 v\u00e0 Canada. V\u1edbi \u0111\u1ed9i ng\u0169 chuy\u00ean vi\u00ean gi\u00e0u kinh nghi\u1ec7m v\u00e0 am hi\u1ec3u quy tr\u00ecnh x\u00e9t duy\u1ec7t [&hellip;]<\/p>\n","protected":false},"author":1,"featured_media":10931,"parent":0,"menu_order":0,"comment_status":"closed","ping_status":"closed","template":"","meta":{"rank_math_title":"","rank_math_description":"","rank_math_focus_keyword":"","footnotes":""},"class_list":["post-9368","page","type-page","status-publish","has-post-thumbnail","hentry"],"jetpack-related-posts":[{"id":10082,"url":"https:\/\/srtravel.vn\/?page_id=10082","url_meta":{"origin":9368,"position":0},"title":"Ch\u00ednh S\u00e1ch Bi\u00ean T\u1eadp N\u1ed9i Dung","author":"Glass","date":"06\/03\/2025","format":false,"excerpt":"C\u00f4ng ty C\u1ed5 ph\u1ea7n Srtravel International Cam k\u1ebft b\u1ea3o to\u00e0n th\u00f4ng tin bi\u00ean t\u1eadp C\u00f4ng ty C\u1ed5 ph\u1ea7n Srtravel International cam k\u1ebft cung c\u1ea5p n\u1ed9i dung ch\u00ednh x\u00e1c, tin c\u1eady v\u00e0 h\u1eefu \u00edch li\u00ean quan \u0111\u1ebfn c\u00e1c d\u1ecbch v\u1ee5 du l\u1ecbch qu\u1ed1c t\u1ebf, xin visa, v\u00e0 t\u01b0 v\u1ea5n h\u00e0nh tr\u00ecnh.\u2026","rel":"","context":"B\u00e0i t\u01b0\u01a1ng t\u1ef1","block_context":{"text":"B\u00e0i t\u01b0\u01a1ng t\u1ef1","link":""},"img":{"alt_text":"","src":"","width":0,"height":0},"classes":[]},{"id":10363,"url":"https:\/\/srtravel.vn\/?page_id=10363","url_meta":{"origin":9368,"position":1},"title":"\u0110i\u1ec1u kho\u1ea3n D\u1ecbch v\u1ee5","author":"Glass","date":"06\/14\/2025","format":false,"excerpt":"C\u00d4NG TY C\u1ed4 PH\u1ea6N SRTRAVEL INTERNATIONAL Ch\u00e0o m\u1eebng b\u1ea1n \u0111\u1ebfn v\u1edbi Srtravel. B\u1eb1ng vi\u1ec7c truy c\u1eadp website ho\u1eb7c s\u1eed d\u1ee5ng h\u1ec7 th\u1ed1ng Chatbot t\u1ef1 \u0111\u1ed9ng c\u1ee7a ch\u00fang t\u00f4i tr\u00ean n\u1ec1n t\u1ea3ng Facebook, b\u1ea1n \u0111\u1ed3ng \u00fd tu\u00e2n th\u1ee7 v\u00e0 ch\u1ecbu s\u1ef1 r\u00e0ng bu\u1ed9c b\u1edfi c\u00e1c \u0111i\u1ec1u kho\u1ea3n v\u00e0 \u0111i\u1ec1u ki\u1ec7n d\u01b0\u1edbi\u2026","rel":"","context":"B\u00e0i t\u01b0\u01a1ng t\u1ef1","block_context":{"text":"B\u00e0i t\u01b0\u01a1ng t\u1ef1","link":""},"img":{"alt_text":"","src":"","width":0,"height":0},"classes":[]},{"id":7440,"url":"https:\/\/srtravel.vn\/?page_id=7440","url_meta":{"origin":9368,"position":2},"title":"Ch\u00ednh s\u00e1ch ho\u00e0n, h\u1ee7y, \u0111\u1ed5i","author":"DuongDuy","date":"09\/07\/2024","format":false,"excerpt":"Kh\u00e1ch h\u00e0ng y\u00eau c\u1ea7u hu\u1ef7 tour Sau khi k\u00fd h\u1ee3p \u0111\u1ed3ng, n\u1ebfu B\u00ean A y\u00eau c\u1ea7u hu\u1ef7 tour th\u00ec ch\u00ednh s\u00e1ch ph\u00ed hu\u1ef7 tour \u0111\u01b0\u1ee3c \u00e1p d\u1ee5ng: Chi ti\u1ebft theo t\u1eebng tour c\u1ee5 th\u1ec3: \u00a0\u00a0\u00a0*Ph\u00ed h\u1ee7y tour \u00e1p d\u1ee5ng trong m\u1ecdi tr\u01b0\u1eddng h\u1ee3p khi kh\u00e1ch h\u00e0ng ch\u1ee7 \u0111\u1ed9ng y\u00eau c\u1ea7u\u2026","rel":"","context":"B\u00e0i t\u01b0\u01a1ng t\u1ef1","block_context":{"text":"B\u00e0i t\u01b0\u01a1ng t\u1ef1","link":""},"img":{"alt_text":"","src":"","width":0,"height":0},"classes":[]}],"jetpack_sharing_enabled":true,"_links":{"self":[{"href":"https:\/\/srtravel.vn\/index.php?rest_route=\/wp\/v2\/pages\/9368","targetHints":{"allow":["GET"]}}],"collection":[{"href":"https:\/\/srtravel.vn\/index.php?rest_route=\/wp\/v2\/pages"}],"about":[{"href":"https:\/\/srtravel.vn\/index.php?rest_route=\/wp\/v2\/types\/page"}],"author":[{"embeddable":true,"href":"https:\/\/srtravel.vn\/index.php?rest_route=\/wp\/v2\/users\/1"}],"replies":[{"embeddable":true,"href":"https:\/\/srtravel.vn\/index.php?rest_route=%2Fwp%2Fv2%2Fcomments&post=9368"}],"version-history":[{"count":70,"href":"https:\/\/srtravel.vn\/index.php?rest_route=\/wp\/v2\/pages\/9368\/revisions"}],"predecessor-version":[{"id":11907,"href":"https:\/\/srtravel.vn\/index.php?rest_route=\/wp\/v2\/pages\/9368\/revisions\/11907"}],"wp:featuredmedia":[{"embeddable":true,"href":"https:\/\/srtravel.vn\/index.php?rest_route=\/wp\/v2\/media\/10931"}],"wp:attachment":[{"href":"https:\/\/srtravel.vn\/index.php?rest_route=%2Fwp%2Fv2%2Fmedia&parent=9368"}],"curies":[{"name":"wp","href":"https:\/\/api.w.org\/{rel}","templated":true}]}}