{"id":7440,"date":"2024-09-07T01:06:54","date_gmt":"2024-09-07T01:06:54","guid":{"rendered":"https:\/\/srtravel.vn\/?page_id=7440"},"modified":"2026-05-12T09:26:04","modified_gmt":"2026-05-12T09:26:04","slug":"chinh-sach-hoan-huy-doi","status":"publish","type":"page","link":"https:\/\/srtravel.vn\/?page_id=7440","title":{"rendered":"Ch\u00ednh s\u00e1ch ho\u00e0n, h\u1ee7y, \u0111\u1ed5i"},"content":{"rendered":"\n<p><strong><u>Kh\u00e1ch h\u00e0ng y\u00eau c\u1ea7u hu\u1ef7 tour<\/u><\/strong><\/p>\n\n\n\n<p>Sau khi k\u00fd h\u1ee3p \u0111\u1ed3ng, n\u1ebfu B\u00ean A y\u00eau c\u1ea7u hu\u1ef7 tour th\u00ec ch\u00ednh s\u00e1ch ph\u00ed hu\u1ef7 tour \u0111\u01b0\u1ee3c \u00e1p d\u1ee5ng: Chi ti\u1ebft theo t\u1eebng tour c\u1ee5 th\u1ec3:<\/p>\n\n\n\n<p>&nbsp;&nbsp;&nbsp;*Ph\u00ed h\u1ee7y tour \u00e1p d\u1ee5ng trong m\u1ecdi tr\u01b0\u1eddng h\u1ee3p khi kh\u00e1ch h\u00e0ng ch\u1ee7 \u0111\u1ed9ng y\u00eau c\u1ea7u h\u1ee7y tour (m\u1ecdi tr\u01b0\u1eddng h\u1ee3p li\u00ean quan \u0111\u1ebfn vi\u1ec7c nhi\u1ec5m COVID-19 ho\u1eb7c th\u00f4ng b\u00e1o ch\u01b0a ti\u00eam \u0111\u1ee7 vaccine,\u2026. \u0111\u1ec1u kh\u00f4ng \u0111\u01b0\u1ee3c ch\u1ea5p nh\u1eadn)<\/p>\n\n\n\n<p>&nbsp;&nbsp;&nbsp;*Qu\u00fd kh\u00e1ch kh\u00f4ng h\u1ee3p t\u00e1c g\u1eedi h\u1ed3 s\u01a1 \u0111\u00fang h\u1ea1n (bao g\u1ed3m h\u1ed9 chi\u1ebfu c\u00f2n h\u1ea1n tr\u00ean 6 th\u00e1ng k\u1ec3 t\u1eeb ng\u00e0y cu\u1ed1i c\u00f9ng c\u1ee7a tour kh\u1edfi h\u00e0nh) ho\u1eb7c &nbsp;kh\u00f4ng \u0111\u1ebfn l\u0103n v\u00e2n tay theo l\u1ecbch h\u1eb9n s\u1ebd \u0111\u01b0\u1ee3c coi l\u00e0 \u0111\u01a1n ph\u01b0\u01a1ng h\u1ee7y h\u1ee3p \u0111\u1ed3ng. Ph\u00ed h\u1ee7y \u00e1p d\u1ee5ng t\u00ednh theo b\u1ea3ng b\u00ean tr\u00ean. Th\u1eddi gian \u0111\u01b0\u1ee3c x\u00e1c nh\u1eadn h\u1ee7y tour \u0111\u01b0\u1ee3c t\u00ednh t\u1eeb ng\u00e0y Qu\u00fd kh\u00e1ch tr\u1ec5 h\u1eb9n h\u1ea1n n\u1ed9p h\u1ed3 s\u01a1<\/p>\n\n\n\n<p><strong><u>H\u1ee7y tour \/ thay \u0111\u1ed5i tour v\u00ec l\u00fd do li\u00ean quan \u0111\u1ebfn xin Visa<\/u><\/strong><\/p>\n\n\n\n<p><em>Sau \u0111\u00e2y: B\u00ean mua tour \u0111\u01b0\u1ee3c g\u1ecdi t\u1eaft l\u00e0 B\u00ean A, B\u00ean t\u1ed5 ch\u1ee9c tour \u0111\u01b0\u1ee3c g\u1ecdi t\u1eaft l\u00e0 B\u00ean B<\/em><\/p>\n\n\n\n<ul class=\"wp-block-list\">\n<li>H\u1ee7y tour do h\u1ed3 s\u01a1 B\u00ean A n\u1ed9p cho B\u00ean B kh\u00f4ng \u0111\u00e1ng tin c\u1eady: Trong qu\u00e1 tr\u00ecnh B\u00ean A &nbsp;n\u1ed9p h\u1ed3 s\u01a1 xin visa cho B\u00ean B x\u00e9t duy\u1ec7t v\u00e0 B\u00ean B &nbsp;nghi ng\u1edd h\u1ed3 s\u01a1 c\u1ee7a 1 ho\u1eb7c h\u01a1n 1 th\u00e0nh vi\u00ean tham gia tour c\u00f3 \u0111\u1ed9ng c\u01a1 b\u1ecf tr\u1ed1n t\u1ea1i Ch\u00e2u \u00c2u th\u00ec B\u00ean B c\u00f3 quy\u1ec1n t\u1eeb ch\u1ed1i xin visa cho th\u00e0nh vi\u00ean \u0111\u00f3 v\u00e0 B\u00ean B s\u1ebd ho\u00e0n tr\u1ea3 ti\u1ec1n \u0111\u1eb7t c\u1ecdc tour c\u1ee7a kh\u00e1ch h\u00e0ng \u0111\u00f3 \u2013 &nbsp;ph\u00ed x\u00e9t duy\u1ec7t h\u1ed3 s\u01a1 l\u00e0 1.000.000\u0111 (m\u1ed9t tri\u1ec7u \u0111\u1ed3ng)<\/li>\n\n\n\n<li>H\u1ee7y tour do <strong><u>kh\u00f4ng \u0111\u1ea1t visa v\u00ec c\u00e1c y\u1ebfu t\u1ed1 ch\u1ee7 quan<\/u><\/strong>c\u1ee7a b\u00ean A (Kh\u00f4ng ph\u1ed1i h\u1ee3p v\u1edbi c\u00f4ng ty \u0111\u1ec3 cung c\u1ea5p \u0111\u1ee7 gi\u1ea5y t\u1edd theo quy \u0111\u1ecbnh c\u1ee7a \u0111\u1ea1i s\u1ee9 qu\u00e1n, kh\u00f4ng tham gia l\u1ecbch h\u1eb9n \u0111\u00fang ng\u00e0y, c\u00f3 h\u1eb9n ph\u1ecfng v\u1ea5n m\u00e0 kh\u00f4ng t\u1edbi, \u0111\u00e3 t\u1eebng c\u01b0 tr\u00fa b\u1ea5t h\u1ee3p ph\u00e1p t\u1ea1i Ch\u00e2u \u00c2u, <strong>c\u1ed1 \u00fd l\u00e0m gi\u1ea3 gi\u1ea5y t\u1edd<\/strong>, <strong>c\u1ed1 \u00fd khai th\u00f4ng tin kh\u00f4ng trung th\u1ef1c<\/strong>, c\u00f3 h\u00e0nh vi vi ph\u1ea1m ph\u00e1p lu\u1eadt v\u00e0 vi ph\u1ea1m quy \u0111\u1ecbnh v\u1ec1 xu\u1ea5t nh\u1eadp c\u1ea3nh, thu\u1ed9c di\u1ec7n c\u1ea5m xu\u1ea5t c\u1ea3nh m\u00e0 kh\u00f4ng khai b\u00e1o): chi ph\u00ed kh\u00f4ng ho\u00e0n l\u1ea1i trong m\u1ecdi tr\u01b0\u1eddng h\u1ee3p l\u00e0 25.000.000 vn\u0111\/ ng\u01b0\u1eddi (bao g\u1ed3m ph\u00ed visa, ph\u00ed ho\u00e0n h\u1ee7y v\u00e9 m\u00e1y bay v\u00e0 d\u1ecbch v\u1ee5 t\u1ea1i n\u01b0\u1edbc ngo\u00e0i).<\/li>\n\n\n\n<li>H\u1ee7y tour do <strong><u>kh\u00f4ng \u0111\u1ea1t visa v\u00ec l\u00fd do kh\u00e1ch quan<\/u><\/strong><strong>: ph\u00ed hu\u1ef7 l\u00e0 5.500.000\u0111 \/ng\u01b0\u1eddi<\/strong><\/li>\n\n\n\n<li>H\u1ee7y tour do <strong>visa kh\u00f4ng \u0111\u01b0\u1ee3c c\u1ea5p tr\u01b0\u1edbc th\u1eddi gian kh\u1edfi h\u00e0nh<\/strong>: Tr\u01b0\u1eddng h\u1ee3p du kh\u00e1ch \u0111\u01b0\u1ee3c c\u1ea5p visa nh\u01b0ng th\u1eddi gian nh\u1eadn k\u1ebft qu\u1ea3 visa kh\u00f4ng k\u1ecbp \u0111\u1ec3 kh\u1edfi h\u00e0nh c\u00f9ng \u0111o\u00e0n th\u00ec to\u00e0n b\u1ed9 ti\u1ec1n \u0111\u1eb7t c\u1ecdc \u0111\u01b0\u1ee3c b\u1ea3o l\u01b0u \u0111\u1ec3 s\u1eed d\u1ee5ng cho c\u00e1c \u0111\u1ee3t kh\u1edfi h\u00e0nh sau c\u1ee7a B\u00ean B (\u00e1p d\u1ee5ng ph\u00ed ch\u00eanh l\u1ec7ch gi\u00e1 tour n\u1ebfu c\u00f3) trong khu\u00f4n kh\u1ed5 th\u1eddi h\u1ea1n visa cho ph\u00e9p. N\u1ebfu h\u1ebft th\u1eddi h\u1ea1n hi\u1ec7u l\u1ef1c c\u1ee7a visa \u0111\u01b0\u1ee3c c\u1ea5p m\u00e0 B\u00ean A v\u1eabn ch\u01b0a ch\u1ecdn \u0111\u01b0\u1ee3c ng\u00e0y kh\u1edfi h\u00e0nh ph\u00f9 h\u1ee3p th\u00ec s\u1ed1 ti\u1ec1n b\u1ea3o l\u01b0u t\u1ef1 \u0111\u1ed9ng h\u1ebft gi\u00e1 tr\u1ecb.<\/li>\n<\/ul>\n\n\n\n<p><strong><u>Hu\u1ef7 tour do C\u00f4ng ty Du l\u1ecbch<\/u><\/strong><\/p>\n\n\n\n<p>Do t\u00ednh ch\u1ea5t tour gh\u00e9p \u0111o\u00e0n, n\u1ebfu tr\u01b0\u1edbc ng\u00e0y kh\u1edfi h\u00e0nh 3 ng\u00e0y m\u00e0 B\u00ean B kh\u00f4ng gom \u0111\u1ee7 10 kh\u00e1ch ho\u1eb7c s\u1ed1 kh\u00e1ch \u0111\u01b0\u1ee3c c\u1ea5p visa tr\u01b0\u1edbc kh\u1edfi h\u00e0nh 3 ng\u00e0y kh\u00f4ng \u0111\u1ea3m b\u1ea3o t\u1ed1i thi\u1ec3u 10 kh\u00e1ch th\u00ec B\u00ean B c\u00f3 quy\u1ec1n hu\u1ef7 \u0111\u1ee3t kh\u1edfi h\u00e0nh theo h\u1ee3p \u0111\u1ed3ng v\u00e0 c\u00f9ng B\u00ean A s\u1eafp x\u1ebfp ch\u1ecdn ng\u00e0y \u0111i m\u1edbi c\u0103n c\u1ee9 theo k\u1ebft qu\u1ea3 visa \u0111\u01b0\u1ee3c c\u1ea5p.<\/p>\n\n\n\n<p><strong><u>Hu\u1ef7 tour do B\u00ean th\u1ee9 3<\/u><\/strong><\/p>\n\n\n\n<p>Trong tr\u01b0\u1eddng h\u1ee3p ch\u01b0\u01a1ng tr\u00ecnh b\u1eaft bu\u1ed9c ph\u1ea3i thay \u0111\u1ed5i ng\u00e0y kh\u1edfi h\u00e0nh ho\u1eb7c r\u00fat ng\u1eafn ng\u00e0y tour do l\u1ed7i c\u1ee7a B\u00ean th\u1ee9 3 (h\u00e3ng h\u00e0ng kh\u00f4ng, nh\u00e0 xe, \u0111\u01a1n v\u1ecb cung c\u1ea5p d\u1ecbch v\u1ee5 t\u1ea1i Ch\u00e2u \u00c2u). B\u00ean B c\u00f3 tr\u00e1ch nhi\u1ec7m l\u00e0m vi\u1ec7c l\u1ea1i v\u1edbi B\u00ean th\u1ee9 3 \u0111\u1ec3 s\u1eafp x\u1ebfp ch\u01b0\u01a1ng tr\u00ecnh v\u00e0 d\u1ecbch v\u1ee5 h\u1ee3p l\u00fd nh\u1ea5t cho B\u00ean A v\u00e0 ph\u1ea3i th\u00f4ng b\u00e1o cho b\u00ean A b\u1eb1ng v\u0103n b\u1ea3n, n\u1ebfu b\u00ean A ch\u01b0a \u0111\u1ed3ng \u00fd v\u1edbi s\u1ef1 thay \u0111\u1ed5i ch\u01b0\u01a1ng tr\u00ecnh m\u1edbi th\u00ec b\u00ean B ph\u1ea3i c\u00f3 tr\u00e1ch nhi\u1ec7m d\u00e0n x\u1ebfp, \u0111\u00e0m ph\u00e1n v\u1edbi b\u00ean th\u1ee9 3 \u0111\u1ec3 \u0111\u1ea1t \u0111\u01b0\u1ee3c th\u1ecfa thu\u1eadn nh\u01b0 \u0111\u00e3 cam k\u1ebft v\u1edbi b\u00ean A. N\u1ebfu b\u00ean A, b\u00ean B v\u00e0 b\u00ean th\u1ee9 3 c\u00f9ng \u0111\u1ed3ng thu\u1eadn th\u00ec ch\u01b0\u01a1ng tr\u00ecnh du l\u1ecbch v\u1eabn ti\u1ebfn h\u00e0nh theo l\u1ecbch \u0111\u00e3 \u1ea5n \u0111\u1ecbnh.<\/p>\n\n\n\n<p>Trong tr\u01b0\u1eddng h\u1ee3p 3 b\u00ean kh\u00f4ng th\u1ec3 th\u1ed1ng nh\u1ea5t ph\u01b0\u01a1ng \u00e1n m\u1edbi v\u00e0 b\u00ean A kh\u00f4ng \u0111\u1ed3ng \u00fd v\u1edbi ph\u01b0\u01a1ng \u00e1n thay \u0111\u1ed5i ch\u01b0\u01a1ng tr\u00ecnh hay d\u1eddi ng\u00e0y kh\u1edfi h\u00e0nh th\u00ec b\u00ean B ph\u1ea3i ho\u00e0n l\u1ea1i &nbsp;gi\u00e1 tr\u1ecb h\u1ee3p \u0111\u1ed3ng sau khi tr\u1eeb ph\u00ed xin visa (n\u1ebfu c\u00f3)<\/p>\n\n\n\n<p><strong><u>Hu\u1ef7 tour do Ch\u00e2u \u00c2u ra s\u1eafc l\u1ec7nh \u0111\u00f3ng c\u1eeda<\/u><\/strong><\/p>\n\n\n\n<p>N\u1ebfu Tour bu\u1ed9c ph\u1ea3i h\u1ee7y v\u00ec Ch\u00e2u \u00c2u ra s\u1eafc l\u1ec7nh \u0111\u00f3ng c\u1eeda du l\u1ecbch ho\u1eb7c kh\u00f4ng ti\u1ebfp nh\u1eadn kh\u00e1ch du l\u1ecbch \u0111\u1ebfn t\u1eeb Vi\u1ec7t Nam th\u00ec to\u00e0n b\u1ed9 ti\u1ec1n \u0111\u1eb7t c\u1ecdc c\u1ee7a Qu\u00fd kh\u00e1ch s\u1ebd \u0111\u01b0\u1ee3c th\u1ef1c hi\u1ec7n b\u1ea3o l\u01b0u \u0111\u1ec3 s\u1eed d\u1ee5ng c\u1ea5n tr\u1eeb cho vi\u1ec7c \u0111\u1eb7t tour sau c\u1ee7a B\u00ean A t\u1ea1i B\u00ean B.<\/p>\n\n\n\n<h3 class=\"wp-block-heading\">Ch\u00ednh s\u00e1ch tr\u00ean c\u00f3 th\u1ec3 thay \u0111\u1ed5i cho t\u1eebng tour c\u1ee5 th\u1ec3, b\u1ea1n s\u1ebd nh\u1eadn \u0111\u01b0\u1ee3c chi ti\u1ebft \u0111\u1ed1i v\u1edbi t\u1eebng chuy\u1ebfn \u0111i khi \u0111\u0103ng k\u00fd d\u1ecbch v\u1ee5 c\u1ee7a ch\u00fang t\u00f4i.<\/h3>\n\n\n\n\n","protected":false},"excerpt":{"rendered":"<p>Kh\u00e1ch h\u00e0ng y\u00eau c\u1ea7u hu\u1ef7 tour Sau khi k\u00fd h\u1ee3p \u0111\u1ed3ng, n\u1ebfu B\u00ean A y\u00eau c\u1ea7u hu\u1ef7 tour th\u00ec ch\u00ednh s\u00e1ch ph\u00ed hu\u1ef7 tour \u0111\u01b0\u1ee3c \u00e1p d\u1ee5ng: Chi ti\u1ebft theo t\u1eebng tour c\u1ee5 th\u1ec3: &nbsp;&nbsp;&nbsp;*Ph\u00ed h\u1ee7y tour \u00e1p d\u1ee5ng trong m\u1ecdi tr\u01b0\u1eddng h\u1ee3p khi kh\u00e1ch h\u00e0ng ch\u1ee7 \u0111\u1ed9ng y\u00eau c\u1ea7u h\u1ee7y tour (m\u1ecdi tr\u01b0\u1eddng h\u1ee3p [&hellip;]<\/p>\n","protected":false},"author":1,"featured_media":0,"parent":0,"menu_order":0,"comment_status":"closed","ping_status":"closed","template":"","meta":{"rank_math_title":"","rank_math_description":"","rank_math_focus_keyword":"","footnotes":""},"class_list":["post-7440","page","type-page","status-publish","hentry"],"jetpack-related-posts":[{"id":10363,"url":"https:\/\/srtravel.vn\/?page_id=10363","url_meta":{"origin":7440,"position":0},"title":"\u0110i\u1ec1u kho\u1ea3n D\u1ecbch v\u1ee5","author":"Glass","date":"06\/14\/2025","format":false,"excerpt":"C\u00d4NG TY C\u1ed4 PH\u1ea6N SRTRAVEL INTERNATIONAL Ch\u00e0o m\u1eebng b\u1ea1n \u0111\u1ebfn v\u1edbi Srtravel. B\u1eb1ng vi\u1ec7c truy c\u1eadp website ho\u1eb7c s\u1eed d\u1ee5ng h\u1ec7 th\u1ed1ng Chatbot t\u1ef1 \u0111\u1ed9ng c\u1ee7a ch\u00fang t\u00f4i tr\u00ean n\u1ec1n t\u1ea3ng Facebook, b\u1ea1n \u0111\u1ed3ng \u00fd tu\u00e2n th\u1ee7 v\u00e0 ch\u1ecbu s\u1ef1 r\u00e0ng bu\u1ed9c b\u1edfi c\u00e1c \u0111i\u1ec1u kho\u1ea3n v\u00e0 \u0111i\u1ec1u ki\u1ec7n d\u01b0\u1edbi\u2026","rel":"","context":"B\u00e0i t\u01b0\u01a1ng t\u1ef1","block_context":{"text":"B\u00e0i t\u01b0\u01a1ng t\u1ef1","link":""},"img":{"alt_text":"","src":"","width":0,"height":0},"classes":[]},{"id":11705,"url":"https:\/\/srtravel.vn\/?page_id=11705","url_meta":{"origin":7440,"position":1},"title":"Ch\u00ednh s\u00e1ch quy\u1ec1n ri\u00eang t\u01b0","author":"DuongDuy","date":"05\/12\/2026","format":false,"excerpt":"QUY\u1ec0N RI\u00caNG T\u01af C\u1ee6A NG\u01af\u1edcI D\u00d9NG (USER PRIVACY RIGHTS) T\u1ea1i Srtravel, ch\u00fang t\u00f4i t\u00f4n tr\u1ecdng quy\u1ec1n ki\u1ec3m so\u00e1t c\u1ee7a b\u1ea1n \u0111\u1ed1i v\u1edbi d\u1eef li\u1ec7u c\u00e1 nh\u00e2n. D\u01b0\u1edbi \u0111\u00e2y l\u00e0 c\u00e1c quy\u1ec1n c\u1ee5 th\u1ec3 m\u00e0 b\u1ea1n c\u00f3 khi t\u01b0\u01a1ng t\u00e1c v\u1edbi h\u1ec7 th\u1ed1ng Chatbot v\u00e0 Website c\u1ee7a ch\u00fang t\u00f4i: 1. Quy\u1ec1n\u2026","rel":"","context":"B\u00e0i t\u01b0\u01a1ng t\u1ef1","block_context":{"text":"B\u00e0i t\u01b0\u01a1ng t\u1ef1","link":""},"img":{"alt_text":"","src":"","width":0,"height":0},"classes":[]},{"id":10082,"url":"https:\/\/srtravel.vn\/?page_id=10082","url_meta":{"origin":7440,"position":2},"title":"Ch\u00ednh S\u00e1ch Bi\u00ean T\u1eadp N\u1ed9i Dung","author":"Glass","date":"06\/03\/2025","format":false,"excerpt":"C\u00f4ng ty C\u1ed5 ph\u1ea7n Srtravel International Cam k\u1ebft b\u1ea3o to\u00e0n th\u00f4ng tin bi\u00ean t\u1eadp C\u00f4ng ty C\u1ed5 ph\u1ea7n Srtravel International cam k\u1ebft cung c\u1ea5p n\u1ed9i dung ch\u00ednh x\u00e1c, tin c\u1eady v\u00e0 h\u1eefu \u00edch li\u00ean quan \u0111\u1ebfn c\u00e1c d\u1ecbch v\u1ee5 du l\u1ecbch qu\u1ed1c t\u1ebf, xin visa, v\u00e0 t\u01b0 v\u1ea5n h\u00e0nh tr\u00ecnh.\u2026","rel":"","context":"B\u00e0i t\u01b0\u01a1ng t\u1ef1","block_context":{"text":"B\u00e0i t\u01b0\u01a1ng t\u1ef1","link":""},"img":{"alt_text":"","src":"","width":0,"height":0},"classes":[]},{"id":3,"url":"https:\/\/srtravel.vn\/?page_id=3","url_meta":{"origin":7440,"position":3},"title":"Ch\u00ednh s\u00e1ch b\u1ea3o m\u1eadt","author":"DuongDuy","date":"09\/06\/2024","format":false,"excerpt":"C\u00d4NG TY C\u1ed4 PH\u1ea6N SRTRAVEL INTERNATIONAL Ch\u00ednh s\u00e1ch b\u1ea3o m\u1eadt n\u00e0y c\u1ee7a C\u00f4ng ty C\u1ed5 ph\u1ea7n Srtravel International (\u201cSrtravel\u201d, \u201cch\u00fang t\u00f4i\u201d) n\u00eau r\u00f5 c\u00e1ch th\u1ee9c ch\u00fang t\u00f4i thu th\u1eadp, s\u1eed d\u1ee5ng, l\u01b0u tr\u1eef v\u00e0 b\u1ea3o v\u1ec7 th\u00f4ng tin c\u00e1 nh\u00e2n c\u1ee7a kh\u00e1ch h\u00e0ng khi truy c\u1eadp website, s\u1eed d\u1ee5ng c\u00e1c\u2026","rel":"","context":"B\u00e0i t\u01b0\u01a1ng t\u1ef1","block_context":{"text":"B\u00e0i t\u01b0\u01a1ng t\u1ef1","link":""},"img":{"alt_text":"","src":"","width":0,"height":0},"classes":[]},{"id":9368,"url":"https:\/\/srtravel.vn\/","url_meta":{"origin":7440,"position":4},"title":"Gi\u1edbi thi\u1ec7u","author":"DuongDuy","date":"05\/20\/2025","format":false,"excerpt":"Gi\u1edbi thi\u1ec7u v\u1ec1 Srtravel Srtravel l\u00e0 \u0111\u01a1n v\u1ecb chuy\u00ean nghi\u1ec7p h\u00e0ng \u0111\u1ea7u trong l\u0129nh v\u1ef1c t\u01b0 v\u1ea5n v\u00e0 x\u1eed l\u00fd h\u1ed3 s\u01a1 visa du l\u1ecbch, th\u0103m th\u00e2n, c\u00f4ng t\u00e1c cho c\u00e1c th\u1ecb tr\u01b0\u1eddng Anh, \u00dac, Ch\u00e2u \u00c2u, M\u1ef9 v\u00e0 Canada. V\u1edbi \u0111\u1ed9i ng\u0169 chuy\u00ean vi\u00ean gi\u00e0u kinh nghi\u1ec7m v\u00e0 am\u2026","rel":"","context":"B\u00e0i t\u01b0\u01a1ng t\u1ef1","block_context":{"text":"B\u00e0i t\u01b0\u01a1ng t\u1ef1","link":""},"img":{"alt_text":"","src":"https:\/\/i0.wp.com\/srtravel.vn\/wp-content\/uploads\/2025\/08\/Visa-Uc_-Loi-the-khi-tung-co-visa-Schengen-Han-Nhat.jpg?fit=1080%2C810&ssl=1&resize=350%2C200","width":350,"height":200,"srcset":"https:\/\/i0.wp.com\/srtravel.vn\/wp-content\/uploads\/2025\/08\/Visa-Uc_-Loi-the-khi-tung-co-visa-Schengen-Han-Nhat.jpg?fit=1080%2C810&ssl=1&resize=350%2C200 1x, https:\/\/i0.wp.com\/srtravel.vn\/wp-content\/uploads\/2025\/08\/Visa-Uc_-Loi-the-khi-tung-co-visa-Schengen-Han-Nhat.jpg?fit=1080%2C810&ssl=1&resize=525%2C300 1.5x, https:\/\/i0.wp.com\/srtravel.vn\/wp-content\/uploads\/2025\/08\/Visa-Uc_-Loi-the-khi-tung-co-visa-Schengen-Han-Nhat.jpg?fit=1080%2C810&ssl=1&resize=700%2C400 2x, https:\/\/i0.wp.com\/srtravel.vn\/wp-content\/uploads\/2025\/08\/Visa-Uc_-Loi-the-khi-tung-co-visa-Schengen-Han-Nhat.jpg?fit=1080%2C810&ssl=1&resize=1050%2C600 3x"},"classes":[]},{"id":5291,"url":"https:\/\/srtravel.vn\/?page_id=5291","url_meta":{"origin":7440,"position":5},"title":"D\u1ecbch v\u1ee5","author":"DuongDuy","date":"09\/15\/2022","format":false,"excerpt":"Visa Anh Qu\u1ed1c Du l\u1ecbch - C\u00f4ng t\u00e1c - Th\u0103m th\u00e2n D\u1ecbch v\u1ee5 l\u00e0m m\u1edbi visa Anh Qu\u1ed1c th\u1eddi h\u1ea1n 6 th\u00e1ng, 2 n\u0103m, 5 n\u0103m, 10 n\u0103m. Nh\u1eadp c\u1ea3nh nhi\u1ec1u l\u1ea7n, m\u1ed7i l\u1ea7n l\u01b0u tr\u00fa l\u00ean \u0111\u1ebfn 180 ng\u00e0y. H\u1ed7 tr\u1ee3 th\u01b0 m\u1eddi theo tour, c\u01a1 h\u1ed9i s\u1edf h\u1eefu\u2026","rel":"","context":"B\u00e0i t\u01b0\u01a1ng t\u1ef1","block_context":{"text":"B\u00e0i t\u01b0\u01a1ng t\u1ef1","link":""},"img":{"alt_text":"Th\u1ee7 t\u1ee5c xin Visa Schengen cho h\u1ed9i \u0111i du l\u1ecbch Ch\u00e2u \u00c2u t\u1ef1 t\u00fac","src":"https:\/\/i0.wp.com\/srtravel.vn\/wp-content\/uploads\/2023\/11\/thu-tuc-xin-visa-di-chau-au-schengen.png?fit=1167%2C773&ssl=1&resize=350%2C200","width":350,"height":200,"srcset":"https:\/\/i0.wp.com\/srtravel.vn\/wp-content\/uploads\/2023\/11\/thu-tuc-xin-visa-di-chau-au-schengen.png?fit=1167%2C773&ssl=1&resize=350%2C200 1x, https:\/\/i0.wp.com\/srtravel.vn\/wp-content\/uploads\/2023\/11\/thu-tuc-xin-visa-di-chau-au-schengen.png?fit=1167%2C773&ssl=1&resize=525%2C300 1.5x, https:\/\/i0.wp.com\/srtravel.vn\/wp-content\/uploads\/2023\/11\/thu-tuc-xin-visa-di-chau-au-schengen.png?fit=1167%2C773&ssl=1&resize=700%2C400 2x, https:\/\/i0.wp.com\/srtravel.vn\/wp-content\/uploads\/2023\/11\/thu-tuc-xin-visa-di-chau-au-schengen.png?fit=1167%2C773&ssl=1&resize=1050%2C600 3x"},"classes":[]}],"jetpack_sharing_enabled":true,"_links":{"self":[{"href":"https:\/\/srtravel.vn\/index.php?rest_route=\/wp\/v2\/pages\/7440","targetHints":{"allow":["GET"]}}],"collection":[{"href":"https:\/\/srtravel.vn\/index.php?rest_route=\/wp\/v2\/pages"}],"about":[{"href":"https:\/\/srtravel.vn\/index.php?rest_route=\/wp\/v2\/types\/page"}],"author":[{"embeddable":true,"href":"https:\/\/srtravel.vn\/index.php?rest_route=\/wp\/v2\/users\/1"}],"replies":[{"embeddable":true,"href":"https:\/\/srtravel.vn\/index.php?rest_route=%2Fwp%2Fv2%2Fcomments&post=7440"}],"version-history":[{"count":6,"href":"https:\/\/srtravel.vn\/index.php?rest_route=\/wp\/v2\/pages\/7440\/revisions"}],"predecessor-version":[{"id":11723,"href":"https:\/\/srtravel.vn\/index.php?rest_route=\/wp\/v2\/pages\/7440\/revisions\/11723"}],"wp:attachment":[{"href":"https:\/\/srtravel.vn\/index.php?rest_route=%2Fwp%2Fv2%2Fmedia&parent=7440"}],"curies":[{"name":"wp","href":"https:\/\/api.w.org\/{rel}","templated":true}]}}