{"id":11705,"date":"2026-05-12T08:58:31","date_gmt":"2026-05-12T08:58:31","guid":{"rendered":"https:\/\/srtravel.vn\/?page_id=11705"},"modified":"2026-05-12T10:22:21","modified_gmt":"2026-05-12T10:22:21","slug":"chinh-sach-quyen-rieng-tu","status":"publish","type":"page","link":"https:\/\/srtravel.vn\/?page_id=11705","title":{"rendered":"Ch\u00ednh s\u00e1ch quy\u1ec1n ri\u00eang t\u01b0"},"content":{"rendered":"\n<h2 class=\"wp-block-heading\">QUY\u1ec0N RI\u00caNG T\u01af C\u1ee6A NG\u01af\u1edcI D\u00d9NG (USER PRIVACY RIGHTS)<\/h2>\n\n\n\n<p>T\u1ea1i Srtravel, ch\u00fang t\u00f4i t\u00f4n tr\u1ecdng quy\u1ec1n ki\u1ec3m so\u00e1t c\u1ee7a b\u1ea1n \u0111\u1ed1i v\u1edbi d\u1eef li\u1ec7u c\u00e1 nh\u00e2n. D\u01b0\u1edbi \u0111\u00e2y l\u00e0 c\u00e1c quy\u1ec1n c\u1ee5 th\u1ec3 m\u00e0 b\u1ea1n c\u00f3 khi t\u01b0\u01a1ng t\u00e1c v\u1edbi h\u1ec7 th\u1ed1ng Chatbot v\u00e0 Website c\u1ee7a ch\u00fang t\u00f4i:<\/p>\n\n\n\n<h3 class=\"wp-block-heading\">1. Quy\u1ec1n \u0111\u01b0\u1ee3c th\u00f4ng b\u00e1o<\/h3>\n\n\n\n<p>B\u1ea1n c\u00f3 quy\u1ec1n bi\u1ebft r\u00f5 d\u1eef li\u1ec7u n\u00e0o c\u1ee7a m\u00ecnh \u0111ang \u0111\u01b0\u1ee3c thu th\u1eadp, m\u1ee5c \u0111\u00edch s\u1eed d\u1ee5ng v\u00e0 c\u00e1c b\u00ean th\u1ee9 ba c\u00f3 li\u00ean quan (nh\u01b0 \u0111\u00e3 n\u00eau t\u1ea1i m\u1ee5c 3 v\u00e0 5 c\u1ee7a Ch\u00ednh s\u00e1ch b\u1ea3o m\u1eadt).<\/p>\n\n\n\n<h3 class=\"wp-block-heading\">2. Quy\u1ec1n truy c\u1eadp v\u00e0 y\u00eau c\u1ea7u tr\u00edch xu\u1ea5t<\/h3>\n\n\n\n<p>B\u1ea1n c\u00f3 th\u1ec3 y\u00eau c\u1ea7u ch\u00fang t\u00f4i cung c\u1ea5p b\u1ea3n sao c\u00e1c d\u1eef li\u1ec7u c\u00e1 nh\u00e2n m\u00e0 ch\u00fang t\u00f4i \u0111ang l\u01b0u tr\u1eef v\u1ec1 b\u1ea1n th\u00f4ng qua h\u1ec7 th\u1ed1ng Chatbot Messenger ho\u1eb7c qua Email.<\/p>\n\n\n\n<h3 class=\"wp-block-heading\">3. Quy\u1ec1n ch\u1ec9nh s\u1eeda (Right to Rectification)<\/h3>\n\n\n\n<p>N\u1ebfu th\u00f4ng tin ch\u00fang t\u00f4i l\u01b0u tr\u1eef kh\u00f4ng ch\u00ednh x\u00e1c ho\u1eb7c \u0111\u00e3 l\u1ed7i th\u1eddi (v\u00ed d\u1ee5: S\u1ed1 \u0111i\u1ec7n tho\u1ea1i, Email \u0111\u1eb7t tour), b\u1ea1n c\u00f3 quy\u1ec1n y\u00eau c\u1ea7u ch\u00fang t\u00f4i c\u1eadp nh\u1eadt ngay l\u1eadp t\u1ee9c.<\/p>\n\n\n\n<h3 class=\"wp-block-heading\">4. Quy\u1ec1n ph\u1ea3n \u0111\u1ed1i v\u00e0 h\u1ea1n ch\u1ebf x\u1eed l\u00fd<\/h3>\n\n\n\n<ul class=\"wp-block-list\">\n<li>B\u1ea1n c\u00f3 quy\u1ec1n t\u1eeb ch\u1ed1i nh\u1eadn c\u00e1c tin nh\u1eafn qu\u1ea3ng c\u00e1o, ti\u1ebfp th\u1ecb t\u1eeb Chatbot b\u1eb1ng c\u00e1ch s\u1eed d\u1ee5ng c\u00e1c c\u00fa ph\u00e1p nh\u01b0 &#8220;STOP&#8221; ho\u1eb7c &#8220;H\u1ee7y \u0111\u0103ng k\u00fd&#8221; (n\u1ebfu c\u00f3) ho\u1eb7c ch\u1eb7n (Block) \u1ee9ng d\u1ee5ng tr\u00ean Messenger.<\/li>\n\n\n\n<li>B\u1ea1n c\u00f3 quy\u1ec1n y\u00eau c\u1ea7u ch\u00fang t\u00f4i ng\u1eebng s\u1eed d\u1ee5ng d\u1eef li\u1ec7u c\u1ee7a b\u1ea1n cho m\u1ee5c \u0111\u00edch ph\u00e2n t\u00edch h\u00e0nh vi.<\/li>\n<\/ul>\n\n\n\n<h3 class=\"wp-block-heading\">5. Quy\u1ec1n \u0111\u01b0\u1ee3c &#8220;L\u00e3ng qu\u00ean&#8221; (Quy\u1ec1n x\u00f3a d\u1eef li\u1ec7u &#8211; Data Erasure)<\/h3>\n\n\n\n<p>B\u1ea1n c\u00f3 quy\u1ec1n y\u00eau c\u1ea7u Srtravel x\u00f3a v\u0129nh vi\u1ec5n m\u1ecdi d\u1eef li\u1ec7u li\u00ean quan \u0111\u1ebfn t\u00e0i kho\u1ea3n Facebook c\u1ee7a b\u1ea1n kh\u1ecfi m\u00e1y ch\u1ee7 c\u1ee7a ch\u00fang t\u00f4i.<\/p>\n\n\n\n<ul class=\"wp-block-list\">\n<li><strong>C\u00e1ch th\u1ee9c th\u1ef1c hi\u1ec7n:<\/strong> Xem h\u01b0\u1edbng d\u1eabn chi ti\u1ebft t\u1ea1i m\u1ee5c <a href=\"https:\/\/srtravel.vn\/chinh-sach-bao-mat\/#xoadulieu\" data-type=\"internal\" data-id=\"#xoadulieu\"><strong>&#8220;Y\u00eau c\u1ea7u x\u00f3a d\u1eef li\u1ec7u&#8221;<\/strong> <\/a>trong Ch\u00ednh s\u00e1ch b\u1ea3o m\u1eadt c\u1ee7a ch\u00fang t\u00f4i.<\/li>\n<\/ul>\n\n\n\n<h3 class=\"wp-block-heading\">6. Cam k\u1ebft v\u1ec1 quy\u1ec1n ri\u00eang t\u01b0 tr\u1ebb em<\/h3>\n\n\n\n<p>D\u1ecbch v\u1ee5 c\u1ee7a ch\u00fang t\u00f4i kh\u00f4ng h\u01b0\u1edbng t\u1edbi \u0111\u1ed1i t\u01b0\u1ee3ng l\u00e0 tr\u1ebb em d\u01b0\u1edbi 13 tu\u1ed5i (ho\u1eb7c theo \u0111\u1ed9 tu\u1ed5i quy \u0111\u1ecbnh c\u1ee7a ph\u00e1p lu\u1eadt \u0111\u1ecba ph\u01b0\u01a1ng). Ch\u00fang t\u00f4i kh\u00f4ng ch\u1ee7 \u0111\u1ed9ng thu th\u1eadp d\u1eef li\u1ec7u t\u1eeb tr\u1ebb em. N\u1ebfu ph\u00e1t hi\u1ec7n c\u00f3 d\u1eef li\u1ec7u c\u1ee7a tr\u1ebb em \u0111\u01b0\u1ee3c thu th\u1eadp tr\u00e1i ph\u00e9p, ch\u00fang t\u00f4i s\u1ebd ti\u1ebfn h\u00e0nh x\u00f3a b\u1ecf ngay l\u1eadp t\u1ee9c.<\/p>\n\n\n\n<p class=\"has-text-align-right\"><strong>C\u1eadp nh\u1eadt l\u1ea7n cu\u1ed1i:<\/strong> 12\/05\/2026<\/p>\n\n\n\n\n","protected":false},"excerpt":{"rendered":"<p>QUY\u1ec0N RI\u00caNG T\u01af C\u1ee6A NG\u01af\u1edcI D\u00d9NG (USER PRIVACY RIGHTS) T\u1ea1i Srtravel, ch\u00fang t\u00f4i t\u00f4n tr\u1ecdng quy\u1ec1n ki\u1ec3m so\u00e1t c\u1ee7a b\u1ea1n \u0111\u1ed1i v\u1edbi d\u1eef li\u1ec7u c\u00e1 nh\u00e2n. D\u01b0\u1edbi \u0111\u00e2y l\u00e0 c\u00e1c quy\u1ec1n c\u1ee5 th\u1ec3 m\u00e0 b\u1ea1n c\u00f3 khi t\u01b0\u01a1ng t\u00e1c v\u1edbi h\u1ec7 th\u1ed1ng Chatbot v\u00e0 Website c\u1ee7a ch\u00fang t\u00f4i: 1. Quy\u1ec1n \u0111\u01b0\u1ee3c th\u00f4ng b\u00e1o B\u1ea1n c\u00f3 [&hellip;]<\/p>\n","protected":false},"author":1,"featured_media":0,"parent":0,"menu_order":0,"comment_status":"closed","ping_status":"closed","template":"","meta":{"rank_math_title":"","rank_math_description":"","rank_math_focus_keyword":"","footnotes":""},"class_list":["post-11705","page","type-page","status-publish","hentry"],"jetpack-related-posts":[{"id":3,"url":"https:\/\/srtravel.vn\/?page_id=3","url_meta":{"origin":11705,"position":0},"title":"Ch\u00ednh s\u00e1ch b\u1ea3o m\u1eadt","author":"DuongDuy","date":"09\/06\/2024","format":false,"excerpt":"C\u00d4NG TY C\u1ed4 PH\u1ea6N SRTRAVEL INTERNATIONAL Ch\u00ednh s\u00e1ch b\u1ea3o m\u1eadt n\u00e0y c\u1ee7a C\u00f4ng ty C\u1ed5 ph\u1ea7n Srtravel International (\u201cSrtravel\u201d, \u201cch\u00fang t\u00f4i\u201d) n\u00eau r\u00f5 c\u00e1ch th\u1ee9c ch\u00fang t\u00f4i thu th\u1eadp, s\u1eed d\u1ee5ng, l\u01b0u tr\u1eef v\u00e0 b\u1ea3o v\u1ec7 th\u00f4ng tin c\u00e1 nh\u00e2n c\u1ee7a kh\u00e1ch h\u00e0ng khi truy c\u1eadp website, s\u1eed d\u1ee5ng c\u00e1c\u2026","rel":"","context":"B\u00e0i t\u01b0\u01a1ng t\u1ef1","block_context":{"text":"B\u00e0i t\u01b0\u01a1ng t\u1ef1","link":""},"img":{"alt_text":"","src":"","width":0,"height":0},"classes":[]},{"id":11730,"url":"https:\/\/srtravel.vn\/?page_id=11730","url_meta":{"origin":11705,"position":1},"title":"H\u01b0\u1edbng d\u1eabn x\u00f3a d\u1eef li\u1ec7u c\u00e1 nh\u00e2n","author":"DuongDuy","date":"05\/12\/2026","format":false,"excerpt":"C\u00d4NG TY C\u1ed4 PH\u1ea6N SRTRAVEL INTERNATIONAL T\u1ea1i Srtravel, ch\u00fang t\u00f4i t\u00f4n tr\u1ecdng quy\u1ec1n ri\u00eang t\u01b0 v\u00e0 cam k\u1ebft b\u1ea3o v\u1ec7 d\u1eef li\u1ec7u c\u00e1 nh\u00e2n c\u1ee7a b\u1ea1n. Theo quy \u0111\u1ecbnh c\u1ee7a Facebook, ch\u00fang t\u00f4i cung c\u1ea5p h\u01b0\u1edbng d\u1eabn d\u01b0\u1edbi \u0111\u00e2y \u0111\u1ec3 b\u1ea1n c\u00f3 th\u1ec3 y\u00eau c\u1ea7u x\u00f3a d\u1eef li\u1ec7u c\u1ee7a m\u00ecnh\u2026","rel":"","context":"B\u00e0i t\u01b0\u01a1ng t\u1ef1","block_context":{"text":"B\u00e0i t\u01b0\u01a1ng t\u1ef1","link":""},"img":{"alt_text":"","src":"","width":0,"height":0},"classes":[]},{"id":10363,"url":"https:\/\/srtravel.vn\/?page_id=10363","url_meta":{"origin":11705,"position":2},"title":"\u0110i\u1ec1u kho\u1ea3n D\u1ecbch v\u1ee5","author":"Glass","date":"06\/14\/2025","format":false,"excerpt":"C\u00d4NG TY C\u1ed4 PH\u1ea6N SRTRAVEL INTERNATIONAL Ch\u00e0o m\u1eebng b\u1ea1n \u0111\u1ebfn v\u1edbi Srtravel. B\u1eb1ng vi\u1ec7c truy c\u1eadp website ho\u1eb7c s\u1eed d\u1ee5ng h\u1ec7 th\u1ed1ng Chatbot t\u1ef1 \u0111\u1ed9ng c\u1ee7a ch\u00fang t\u00f4i tr\u00ean n\u1ec1n t\u1ea3ng Facebook, b\u1ea1n \u0111\u1ed3ng \u00fd tu\u00e2n th\u1ee7 v\u00e0 ch\u1ecbu s\u1ef1 r\u00e0ng bu\u1ed9c b\u1edfi c\u00e1c \u0111i\u1ec1u kho\u1ea3n v\u00e0 \u0111i\u1ec1u ki\u1ec7n d\u01b0\u1edbi\u2026","rel":"","context":"B\u00e0i t\u01b0\u01a1ng t\u1ef1","block_context":{"text":"B\u00e0i t\u01b0\u01a1ng t\u1ef1","link":""},"img":{"alt_text":"","src":"","width":0,"height":0},"classes":[]},{"id":10082,"url":"https:\/\/srtravel.vn\/?page_id=10082","url_meta":{"origin":11705,"position":3},"title":"Ch\u00ednh S\u00e1ch Bi\u00ean T\u1eadp N\u1ed9i Dung","author":"Glass","date":"06\/03\/2025","format":false,"excerpt":"C\u00f4ng ty C\u1ed5 ph\u1ea7n Srtravel International Cam k\u1ebft b\u1ea3o to\u00e0n th\u00f4ng tin bi\u00ean t\u1eadp C\u00f4ng ty C\u1ed5 ph\u1ea7n Srtravel International cam k\u1ebft cung c\u1ea5p n\u1ed9i dung ch\u00ednh x\u00e1c, tin c\u1eady v\u00e0 h\u1eefu \u00edch li\u00ean quan \u0111\u1ebfn c\u00e1c d\u1ecbch v\u1ee5 du l\u1ecbch qu\u1ed1c t\u1ebf, xin visa, v\u00e0 t\u01b0 v\u1ea5n h\u00e0nh tr\u00ecnh.\u2026","rel":"","context":"B\u00e0i t\u01b0\u01a1ng t\u1ef1","block_context":{"text":"B\u00e0i t\u01b0\u01a1ng t\u1ef1","link":""},"img":{"alt_text":"","src":"","width":0,"height":0},"classes":[]},{"id":7440,"url":"https:\/\/srtravel.vn\/?page_id=7440","url_meta":{"origin":11705,"position":4},"title":"Ch\u00ednh s\u00e1ch ho\u00e0n, h\u1ee7y, \u0111\u1ed5i","author":"DuongDuy","date":"09\/07\/2024","format":false,"excerpt":"Kh\u00e1ch h\u00e0ng y\u00eau c\u1ea7u hu\u1ef7 tour Sau khi k\u00fd h\u1ee3p \u0111\u1ed3ng, n\u1ebfu B\u00ean A y\u00eau c\u1ea7u hu\u1ef7 tour th\u00ec ch\u00ednh s\u00e1ch ph\u00ed hu\u1ef7 tour \u0111\u01b0\u1ee3c \u00e1p d\u1ee5ng: Chi ti\u1ebft theo t\u1eebng tour c\u1ee5 th\u1ec3: \u00a0\u00a0\u00a0*Ph\u00ed h\u1ee7y tour \u00e1p d\u1ee5ng trong m\u1ecdi tr\u01b0\u1eddng h\u1ee3p khi kh\u00e1ch h\u00e0ng ch\u1ee7 \u0111\u1ed9ng y\u00eau c\u1ea7u\u2026","rel":"","context":"B\u00e0i t\u01b0\u01a1ng t\u1ef1","block_context":{"text":"B\u00e0i t\u01b0\u01a1ng t\u1ef1","link":""},"img":{"alt_text":"","src":"","width":0,"height":0},"classes":[]},{"id":10361,"url":"https:\/\/srtravel.vn\/?page_id=10361","url_meta":{"origin":11705,"position":5},"title":"Y\u00eau c\u1ea7u x\u00f3a d\u1eef li\u1ec7u Facebook","author":"Glass","date":"06\/14\/2025","format":false,"excerpt":"Y\u00eau c\u1ea7u x\u00f3a d\u1eef li\u1ec7u Facebook N\u1ebfu b\u1ea1n mu\u1ed1n x\u00f3a d\u1eef li\u1ec7u c\u00e1 nh\u00e2n m\u00e0 \u1ee9ng d\u1ee5ng c\u1ee7a ch\u00fang t\u00f4i thu th\u1eadp t\u1eeb Facebook, vui l\u00f2ng g\u1eedi y\u00eau c\u1ea7u qua email \u0111\u1ebfn support@srtravel.vn k\u00e8m theo ID ng\u01b0\u1eddi d\u00f9ng Facebook c\u1ee7a b\u1ea1n.","rel":"","context":"B\u00e0i t\u01b0\u01a1ng t\u1ef1","block_context":{"text":"B\u00e0i t\u01b0\u01a1ng t\u1ef1","link":""},"img":{"alt_text":"","src":"","width":0,"height":0},"classes":[]}],"jetpack_sharing_enabled":true,"_links":{"self":[{"href":"https:\/\/srtravel.vn\/index.php?rest_route=\/wp\/v2\/pages\/11705","targetHints":{"allow":["GET"]}}],"collection":[{"href":"https:\/\/srtravel.vn\/index.php?rest_route=\/wp\/v2\/pages"}],"about":[{"href":"https:\/\/srtravel.vn\/index.php?rest_route=\/wp\/v2\/types\/page"}],"author":[{"embeddable":true,"href":"https:\/\/srtravel.vn\/index.php?rest_route=\/wp\/v2\/users\/1"}],"replies":[{"embeddable":true,"href":"https:\/\/srtravel.vn\/index.php?rest_route=%2Fwp%2Fv2%2Fcomments&post=11705"}],"version-history":[{"count":4,"href":"https:\/\/srtravel.vn\/index.php?rest_route=\/wp\/v2\/pages\/11705\/revisions"}],"predecessor-version":[{"id":11729,"href":"https:\/\/srtravel.vn\/index.php?rest_route=\/wp\/v2\/pages\/11705\/revisions\/11729"}],"wp:attachment":[{"href":"https:\/\/srtravel.vn\/index.php?rest_route=%2Fwp%2Fv2%2Fmedia&parent=11705"}],"curies":[{"name":"wp","href":"https:\/\/api.w.org\/{rel}","templated":true}]}}